{"id":413,"date":"2024-06-11T02:41:11","date_gmt":"2024-06-11T06:41:11","guid":{"rendered":"https:\/\/esimarketinggroup.com\/?page_id=413"},"modified":"2024-09-11T11:55:15","modified_gmt":"2024-09-11T15:55:15","slug":"a-propos-de-nous","status":"publish","type":"page","link":"https:\/\/esimarketinggroup.com\/fr\/a-propos-de-nous\/","title":{"rendered":"\u00c0 propos de nous"},"content":{"rendered":"<section id=\"block-e30a02d7ff7cf019\" class=\"block block-hero-2 lazyload\" data-bg=\"https:\/\/esimarketinggroup.com\/wp-content\/uploads\/2024\/06\/about-hero-1-scaled.webp\">\n    <div class=\"container block-hero-2--container theme-light\">\n        <div class=\"block-hero-2--body\">\n            <h1 class=\"block-hero-2--heading\">\u00c0 propos de nous<\/h1>\n        <\/div>\n    <\/div>\n\n    <style>\n        #block-e30a02d7ff7cf019 {\n                                }\n    <\/style>\n<\/section>\n\n\n<section id=\"block-0fdd2cb7c66305ab\" class=\"block block-flip-grid-2 block-flip-grid-2--image-right\">\n    <div class=\"container\">\n        <div class=\"block-flip-grid-2--grid\">\n                            <div class=\"block-flip-grid-2--image\" data-aos=\"fade-in\" data-aos-delay=\"0\">\n                                            <noscript><img decoding=\"async\" width=\"1917\" height=\"1092\" src=\"https:\/\/esimarketinggroup.com\/wp-content\/uploads\/2024\/07\/canada-map.png\" class alt srcset=\"https:\/\/esimarketinggroup.com\/wp-content\/uploads\/2024\/07\/canada-map.png 1917w, https:\/\/esimarketinggroup.com\/wp-content\/uploads\/2024\/07\/canada-map-300x171.png 300w, https:\/\/esimarketinggroup.com\/wp-content\/uploads\/2024\/07\/canada-map-1024x583.png 1024w, https:\/\/esimarketinggroup.com\/wp-content\/uploads\/2024\/07\/canada-map-768x437.png 768w, https:\/\/esimarketinggroup.com\/wp-content\/uploads\/2024\/07\/canada-map-1536x875.png 1536w\" sizes=\"(max-width: 1917px) 100vw, 1917px\"><\/noscript><img decoding=\"async\" width=\"1917\" height=\"1092\" src=\"data:image\/svg+xml,%3Csvg%20xmlns%3D%22http%3A%2F%2Fwww.w3.org%2F2000%2Fsvg%22%20viewBox%3D%220%200%201917%201092%22%3E%3C%2Fsvg%3E\" class=\" lazyload\" alt srcset=\"data:image\/svg+xml,%3Csvg%20xmlns%3D%22http%3A%2F%2Fwww.w3.org%2F2000%2Fsvg%22%20viewBox%3D%220%200%201917%201092%22%3E%3C%2Fsvg%3E 1917w\" sizes=\"(max-width: 1917px) 100vw, 1917px\" data-srcset=\"https:\/\/esimarketinggroup.com\/wp-content\/uploads\/2024\/07\/canada-map.png 1917w, https:\/\/esimarketinggroup.com\/wp-content\/uploads\/2024\/07\/canada-map-300x171.png 300w, https:\/\/esimarketinggroup.com\/wp-content\/uploads\/2024\/07\/canada-map-1024x583.png 1024w, https:\/\/esimarketinggroup.com\/wp-content\/uploads\/2024\/07\/canada-map-768x437.png 768w, https:\/\/esimarketinggroup.com\/wp-content\/uploads\/2024\/07\/canada-map-1536x875.png 1536w\" data-src=\"https:\/\/esimarketinggroup.com\/wp-content\/uploads\/2024\/07\/canada-map.png\">                                    <\/div>\n            \n                            <div class=\"block-flip-grid-2--content\" data-aos=\"fade-in\" data-aos-delay=\"300\">\n                    <div class=\"entry-content\">\n                        <h2>Nous relions<\/h2>\n<p>Nous r\u00e9unissons des concessionnaires membres et des fournisseurs partenaires pour augmenter leur volume et leur rentabilit\u00e9. Nous travaillons en \u00e9troite collaboration avec eux pour mettre sur le march\u00e9 des programmes influents et ax\u00e9s sur la valeur qui ont une incidence sur la vente de produits.<\/p>\n                    <\/div>\n\n                                    <\/div>\n                    <\/div>\n    <\/div>\n\n    <style>\n        @media (min-width: 60em) {\n            #block-0fdd2cb7c66305ab .block-flip-grid-2--grid {\n                padding-top: 24px;                padding-bottom: 24px;            }\n        }\n    <\/style>\n<\/section>\n\n\n<section id=\"block-cc3f6e2c46b546c6\" class=\"block block-flip-grid-1 block-flip-grid-1--image-left block-flip-grid-1--bg-colour2\">\n    <div class=\"block-flip-grid-1--grid\">\n                    <div class=\"block-flip-grid-1--column block-flip-grid-1--image align-items-center\" data-aos=\"fade-in\" data-aos-delay=\"0\">\n                <noscript><img decoding=\"async\" width=\"1296\" height=\"1582\" src=\"https:\/\/esimarketinggroup.com\/wp-content\/uploads\/2024\/06\/about-content-image-1.jpg\" class alt srcset=\"https:\/\/esimarketinggroup.com\/wp-content\/uploads\/2024\/06\/about-content-image-1.jpg 1296w, https:\/\/esimarketinggroup.com\/wp-content\/uploads\/2024\/06\/about-content-image-1-246x300.webp 246w\" sizes=\"(max-width: 1296px) 100vw, 1296px\"><\/noscript><img decoding=\"async\" width=\"1296\" height=\"1582\" src=\"data:image\/svg+xml,%3Csvg%20xmlns%3D%22http%3A%2F%2Fwww.w3.org%2F2000%2Fsvg%22%20viewBox%3D%220%200%201296%201582%22%3E%3C%2Fsvg%3E\" class=\" lazyload\" alt srcset=\"data:image\/svg+xml,%3Csvg%20xmlns%3D%22http%3A%2F%2Fwww.w3.org%2F2000%2Fsvg%22%20viewBox%3D%220%200%201296%201582%22%3E%3C%2Fsvg%3E 1296w\" sizes=\"(max-width: 1296px) 100vw, 1296px\" data-srcset=\"https:\/\/esimarketinggroup.com\/wp-content\/uploads\/2024\/06\/about-content-image-1.jpg 1296w, https:\/\/esimarketinggroup.com\/wp-content\/uploads\/2024\/06\/about-content-image-1-246x300.webp 246w\" data-src=\"https:\/\/esimarketinggroup.com\/wp-content\/uploads\/2024\/06\/about-content-image-1.jpg\">            <\/div>\n        \n                    <div class=\"block-flip-grid-1--column block-flip-grid-1--content align-items-center\" data-aos=\"fade-in\" data-aos-delay=\"300\">\n                <div class=\"container\">\n                    <div class=\"block-content--inner\">\n                        <div class=\"block-content\">\n                            <div class=\"entry-content\">\n                                <h2>Une soci\u00e9t\u00e9 NMG<\/h2>\n<h3 class=\"h4\">ESI est une soci\u00e9t\u00e9 NMG<\/h3>\n<p>New Market Group (NMG), bas\u00e9 \u00e0 Newmarket (Ontario), fait partie du premier portefeuille de groupes de marketing en Am\u00e9rique du Nord. Compos\u00e9e de groupes de marketing dans les secteurs de la restauration, de l\u2019approvisionnement industriel, de l\u2019\u00e9clairage, de la d\u00e9coration int\u00e9rieure et de l\u2019\u00e9quipement de construction, NMG dispose de:<\/p>\n<ul>\n<li><strong>Plus de 750 partenaires fournisseurs<\/strong><\/li>\n<li><strong>Plus de 1050 concessionnaires, distributeurs et membres de salle d\u2019exposition<\/strong><\/li>\n<li><strong>Plus de 45 ans d\u2019expertise dans l\u2019industrie<\/strong><\/li>\n<\/ul>\n<p>Depuis 1978, NMG entretient des relations \u00e9troites avec les principaux acteurs de l\u2019industrie. Notre \u00e9quipe de gestion de longue date fournit des ressources et des conseils dans le seul but d\u2019accro\u00eetre la rentabilit\u00e9 des membres et d\u2019augmenter les volumes de ventes des partenaires fournisseurs.<\/p>\n<p>NMG conna\u00eet bien le march\u00e9 mondial et son impact sur les industries dans lesquelles elle exerce ses activit\u00e9s. En outre, NMG g\u00e8re une division d\u2019information sur les march\u00e9s et offre des services de marketing adapt\u00e9s \u00e0 votre secteur d\u2019activit\u00e9 sp\u00e9cifique, donnant \u00e0 votre entreprise les outils n\u00e9cessaires pour rester comp\u00e9titive.<\/p>\n                            <\/div>\n\n                                                            <div class=\"block-button\">\n                                    <a href=\"https:\/\/newmarketgroup.com\/fr\/\" class=\"btn btn--icon-info btn--primary\" target=\"_blank\">En savoir plus<\/a>\n                                <\/div>\n                                                    <\/div>\n                    <\/div>\n                <\/div>\n            <\/div>\n            <\/div>\n\n    <style>\n        #block-cc3f6e2c46b546c6 {\n                                }\n    <\/style>\n<\/section>\n","protected":false},"excerpt":{"rendered":"","protected":false},"author":3,"featured_media":0,"parent":0,"menu_order":0,"comment_status":"closed","ping_status":"closed","template":"","meta":{"_acf_changed":true,"footnotes":""},"class_list":["post-413","page","type-page","status-publish","hentry"],"acf":[],"yoast_head":"<!-- This site is optimized with the Yoast SEO plugin v27.3 - https:\/\/yoast.com\/product\/yoast-seo-wordpress\/ -->\n<title>\u00c0 propos de nous - ESI<\/title>\n<meta name=\"robots\" content=\"index, follow, max-snippet:-1, max-image-preview:large, max-video-preview:-1\" \/>\n<link rel=\"canonical\" href=\"https:\/\/esimarketinggroup.com\/fr\/a-propos-de-nous\/\" \/>\n<meta property=\"og:locale\" content=\"fr_FR\" \/>\n<meta property=\"og:type\" content=\"article\" \/>\n<meta property=\"og:title\" content=\"\u00c0 propos de nous - ESI\" \/>\n<meta property=\"og:url\" content=\"https:\/\/esimarketinggroup.com\/fr\/a-propos-de-nous\/\" \/>\n<meta property=\"og:site_name\" content=\"ESI\" \/>\n<meta property=\"article:modified_time\" content=\"2024-09-11T15:55:15+00:00\" \/>\n<meta name=\"twitter:card\" content=\"summary_large_image\" \/>\n<script type=\"application\/ld+json\" class=\"yoast-schema-graph\">{\"@context\":\"https:\\\/\\\/schema.org\",\"@graph\":[{\"@type\":\"WebPage\",\"@id\":\"https:\\\/\\\/esimarketinggroup.com\\\/fr\\\/a-propos-de-nous\\\/\",\"url\":\"https:\\\/\\\/esimarketinggroup.com\\\/fr\\\/a-propos-de-nous\\\/\",\"name\":\"\u00c0 propos de nous - ESI\",\"isPartOf\":{\"@id\":\"https:\\\/\\\/esimarketinggroup.com\\\/fr\\\/#website\"},\"datePublished\":\"2024-06-11T06:41:11+00:00\",\"dateModified\":\"2024-09-11T15:55:15+00:00\",\"breadcrumb\":{\"@id\":\"https:\\\/\\\/esimarketinggroup.com\\\/fr\\\/a-propos-de-nous\\\/#breadcrumb\"},\"inLanguage\":\"fr-FR\",\"potentialAction\":[{\"@type\":\"ReadAction\",\"target\":[\"https:\\\/\\\/esimarketinggroup.com\\\/fr\\\/a-propos-de-nous\\\/\"]}]},{\"@type\":\"BreadcrumbList\",\"@id\":\"https:\\\/\\\/esimarketinggroup.com\\\/fr\\\/a-propos-de-nous\\\/#breadcrumb\",\"itemListElement\":[{\"@type\":\"ListItem\",\"position\":1,\"name\":\"Home\",\"item\":\"https:\\\/\\\/esimarketinggroup.com\\\/fr\\\/\"},{\"@type\":\"ListItem\",\"position\":2,\"name\":\"\u00c0 propos de nous\"}]},{\"@type\":\"WebSite\",\"@id\":\"https:\\\/\\\/esimarketinggroup.com\\\/fr\\\/#website\",\"url\":\"https:\\\/\\\/esimarketinggroup.com\\\/fr\\\/\",\"name\":\"ESI\",\"description\":\"\",\"potentialAction\":[{\"@type\":\"SearchAction\",\"target\":{\"@type\":\"EntryPoint\",\"urlTemplate\":\"https:\\\/\\\/esimarketinggroup.com\\\/fr\\\/?s={search_term_string}\"},\"query-input\":{\"@type\":\"PropertyValueSpecification\",\"valueRequired\":true,\"valueName\":\"search_term_string\"}}],\"inLanguage\":\"fr-FR\"}]}<\/script>\n<!-- \/ Yoast SEO plugin. -->","yoast_head_json":{"title":"\u00c0 propos de nous - ESI","robots":{"index":"index","follow":"follow","max-snippet":"max-snippet:-1","max-image-preview":"max-image-preview:large","max-video-preview":"max-video-preview:-1"},"canonical":"https:\/\/esimarketinggroup.com\/fr\/a-propos-de-nous\/","og_locale":"fr_FR","og_type":"article","og_title":"\u00c0 propos de nous - ESI","og_url":"https:\/\/esimarketinggroup.com\/fr\/a-propos-de-nous\/","og_site_name":"ESI","article_modified_time":"2024-09-11T15:55:15+00:00","twitter_card":"summary_large_image","schema":{"@context":"https:\/\/schema.org","@graph":[{"@type":"WebPage","@id":"https:\/\/esimarketinggroup.com\/fr\/a-propos-de-nous\/","url":"https:\/\/esimarketinggroup.com\/fr\/a-propos-de-nous\/","name":"\u00c0 propos de nous - ESI","isPartOf":{"@id":"https:\/\/esimarketinggroup.com\/fr\/#website"},"datePublished":"2024-06-11T06:41:11+00:00","dateModified":"2024-09-11T15:55:15+00:00","breadcrumb":{"@id":"https:\/\/esimarketinggroup.com\/fr\/a-propos-de-nous\/#breadcrumb"},"inLanguage":"fr-FR","potentialAction":[{"@type":"ReadAction","target":["https:\/\/esimarketinggroup.com\/fr\/a-propos-de-nous\/"]}]},{"@type":"BreadcrumbList","@id":"https:\/\/esimarketinggroup.com\/fr\/a-propos-de-nous\/#breadcrumb","itemListElement":[{"@type":"ListItem","position":1,"name":"Home","item":"https:\/\/esimarketinggroup.com\/fr\/"},{"@type":"ListItem","position":2,"name":"\u00c0 propos de nous"}]},{"@type":"WebSite","@id":"https:\/\/esimarketinggroup.com\/fr\/#website","url":"https:\/\/esimarketinggroup.com\/fr\/","name":"ESI","description":"","potentialAction":[{"@type":"SearchAction","target":{"@type":"EntryPoint","urlTemplate":"https:\/\/esimarketinggroup.com\/fr\/?s={search_term_string}"},"query-input":{"@type":"PropertyValueSpecification","valueRequired":true,"valueName":"search_term_string"}}],"inLanguage":"fr-FR"}]}},"_links":{"self":[{"href":"https:\/\/esimarketinggroup.com\/fr\/wp-json\/wp\/v2\/pages\/413","targetHints":{"allow":["GET"]}}],"collection":[{"href":"https:\/\/esimarketinggroup.com\/fr\/wp-json\/wp\/v2\/pages"}],"about":[{"href":"https:\/\/esimarketinggroup.com\/fr\/wp-json\/wp\/v2\/types\/page"}],"author":[{"embeddable":true,"href":"https:\/\/esimarketinggroup.com\/fr\/wp-json\/wp\/v2\/users\/3"}],"replies":[{"embeddable":true,"href":"https:\/\/esimarketinggroup.com\/fr\/wp-json\/wp\/v2\/comments?post=413"}],"version-history":[{"count":0,"href":"https:\/\/esimarketinggroup.com\/fr\/wp-json\/wp\/v2\/pages\/413\/revisions"}],"wp:attachment":[{"href":"https:\/\/esimarketinggroup.com\/fr\/wp-json\/wp\/v2\/media?parent=413"}],"curies":[{"name":"wp","href":"https:\/\/api.w.org\/{rel}","templated":true}]}}