{"id":414,"date":"2024-06-11T02:41:34","date_gmt":"2024-06-11T06:41:34","guid":{"rendered":"https:\/\/esimarketinggroup.com\/?page_id=414"},"modified":"2025-07-16T11:20:58","modified_gmt":"2025-07-16T15:20:58","slug":"fournisseurs","status":"publish","type":"page","link":"https:\/\/esimarketinggroup.com\/fr\/fournisseurs\/","title":{"rendered":"Fournisseurs"},"content":{"rendered":"<section id=\"block-e30a02d7ff7cf019\" class=\"block block-hero-2 lazyload\" data-bg=\"https:\/\/esimarketinggroup.com\/wp-content\/uploads\/2024\/06\/suppliers-hero-1-scaled.webp\">\n    <div class=\"container block-hero-2--container theme-light\">\n        <div class=\"block-hero-2--body\">\n            <h1 class=\"block-hero-2--heading\">Fournisseurs<\/h1>\n        <\/div>\n    <\/div>\n\n    <style>\n        #block-e30a02d7ff7cf019 {\n                                }\n    <\/style>\n<\/section>\n\n\n<section id=\"block-0fdd2cb7c66305ab\" class=\"block block-flip-grid-1 block-flip-grid-1--image-right block-flip-grid-1--bg-colour1\">\n    <div class=\"block-flip-grid-1--grid\">\n                    <div class=\"block-flip-grid-1--column block-flip-grid-1--image align-items-center\" data-aos=\"fade-in\" data-aos-delay=\"0\">\n                <noscript><img decoding=\"async\" width=\"1296\" height=\"1320\" src=\"https:\/\/esimarketinggroup.com\/wp-content\/uploads\/2024\/06\/suppliers-content-image-1-jpg.webp\" class alt srcset=\"https:\/\/esimarketinggroup.com\/wp-content\/uploads\/2024\/06\/suppliers-content-image-1-jpg.webp 1296w, https:\/\/esimarketinggroup.com\/wp-content\/uploads\/2024\/06\/suppliers-content-image-1-295x300.webp 295w, https:\/\/esimarketinggroup.com\/wp-content\/uploads\/2024\/06\/suppliers-content-image-1-1005x1024.webp 1005w, https:\/\/esimarketinggroup.com\/wp-content\/uploads\/2024\/06\/suppliers-content-image-1-768x782.webp 768w\" sizes=\"(max-width: 1296px) 100vw, 1296px\"><\/noscript><img decoding=\"async\" width=\"1296\" height=\"1320\" src=\"data:image\/svg+xml,%3Csvg%20xmlns%3D%22http%3A%2F%2Fwww.w3.org%2F2000%2Fsvg%22%20viewBox%3D%220%200%201296%201320%22%3E%3C%2Fsvg%3E\" class=\" lazyload\" alt srcset=\"data:image\/svg+xml,%3Csvg%20xmlns%3D%22http%3A%2F%2Fwww.w3.org%2F2000%2Fsvg%22%20viewBox%3D%220%200%201296%201320%22%3E%3C%2Fsvg%3E 1296w\" sizes=\"(max-width: 1296px) 100vw, 1296px\" data-srcset=\"https:\/\/esimarketinggroup.com\/wp-content\/uploads\/2024\/06\/suppliers-content-image-1-jpg.webp 1296w, https:\/\/esimarketinggroup.com\/wp-content\/uploads\/2024\/06\/suppliers-content-image-1-295x300.webp 295w, https:\/\/esimarketinggroup.com\/wp-content\/uploads\/2024\/06\/suppliers-content-image-1-1005x1024.webp 1005w, https:\/\/esimarketinggroup.com\/wp-content\/uploads\/2024\/06\/suppliers-content-image-1-768x782.webp 768w\" data-src=\"https:\/\/esimarketinggroup.com\/wp-content\/uploads\/2024\/06\/suppliers-content-image-1-jpg.webp\">            <\/div>\n        \n                    <div class=\"block-flip-grid-1--column block-flip-grid-1--content align-items-center\" data-aos=\"fade-in\" data-aos-delay=\"300\">\n                <div class=\"container\">\n                    <div class=\"block-content--inner\">\n                        <div class=\"block-content\">\n                            <div class=\"entry-content\">\n                                <h2>Pourquoi ESI<\/h2>\n<h3 class=\"h4\">Joignez plus d\u2019acheteurs et vendez plus de produits.<\/h3>\n<p>En tant que partenaire fournisseur ESI, vous b\u00e9n\u00e9ficiez d\u2019une approche cibl\u00e9e pour augmenter votre part de march\u00e9 gr\u00e2ce au mod\u00e8le d\u2019ESI Marketing Group. Nous vous mettons en contact avec des acheteurs qualifi\u00e9s gr\u00e2ce \u00e0 des programmes d\u2019incitation de marketing annuels et \u00e0 des occasions promotionnelles.<\/p>\n<p>ESI agit comme connecteur. Vous travaillez directement avec chaque concessionnaire en conservant l\u2019autonomie de votre entreprise.<\/p>\n<h3 class=\"h4\">Tout ce que nous faisons tourne autour de nos contributions \u00e0 la r\u00e9ussite de votre entreprise.<\/h3>\n<p>Nous travaillons en \u00e9troite collaboration avec nos partenaires pour renforcer la communication et stimuler la croissance par le biais de programmes qui aident \u00e0 vendre les produits. Nous sommes en contact permanent avec nos concessionnaires pour vous fournir une r\u00e9troaction, ce qui donne lieu \u00e0 des programmes qui aident \u00e0 vendre les produits.<\/p>\n                            <\/div>\n\n                                                            <div class=\"block-button\">\n                                    <a href=\"https:\/\/esimarketinggroup.com\/fr\/contactez-nous\/\" class=\"btn btn--icon-arrow btn--primary\" target=\"\">Devenir un partenaire fournisseur<\/a>\n                                <\/div>\n                                                    <\/div>\n                    <\/div>\n                <\/div>\n            <\/div>\n            <\/div>\n\n    <style>\n        #block-0fdd2cb7c66305ab {\n                                }\n    <\/style>\n<\/section>\n","protected":false},"excerpt":{"rendered":"","protected":false},"author":3,"featured_media":0,"parent":0,"menu_order":0,"comment_status":"closed","ping_status":"closed","template":"","meta":{"_acf_changed":true,"footnotes":""},"class_list":["post-414","page","type-page","status-publish","hentry"],"acf":[],"yoast_head":"<!-- This site is optimized with the Yoast SEO plugin v27.3 - https:\/\/yoast.com\/product\/yoast-seo-wordpress\/ -->\n<title>Fournisseurs - ESI<\/title>\n<meta name=\"robots\" content=\"index, follow, max-snippet:-1, max-image-preview:large, max-video-preview:-1\" \/>\n<link rel=\"canonical\" href=\"https:\/\/esimarketinggroup.com\/fr\/fournisseurs\/\" \/>\n<meta property=\"og:locale\" content=\"fr_FR\" \/>\n<meta property=\"og:type\" content=\"article\" \/>\n<meta property=\"og:title\" content=\"Fournisseurs - ESI\" \/>\n<meta property=\"og:url\" content=\"https:\/\/esimarketinggroup.com\/fr\/fournisseurs\/\" \/>\n<meta property=\"og:site_name\" content=\"ESI\" \/>\n<meta property=\"article:modified_time\" content=\"2025-07-16T15:20:58+00:00\" \/>\n<meta name=\"twitter:card\" content=\"summary_large_image\" \/>\n<script type=\"application\/ld+json\" class=\"yoast-schema-graph\">{\"@context\":\"https:\\\/\\\/schema.org\",\"@graph\":[{\"@type\":\"WebPage\",\"@id\":\"https:\\\/\\\/esimarketinggroup.com\\\/fr\\\/fournisseurs\\\/\",\"url\":\"https:\\\/\\\/esimarketinggroup.com\\\/fr\\\/fournisseurs\\\/\",\"name\":\"Fournisseurs - ESI\",\"isPartOf\":{\"@id\":\"https:\\\/\\\/esimarketinggroup.com\\\/fr\\\/#website\"},\"datePublished\":\"2024-06-11T06:41:34+00:00\",\"dateModified\":\"2025-07-16T15:20:58+00:00\",\"breadcrumb\":{\"@id\":\"https:\\\/\\\/esimarketinggroup.com\\\/fr\\\/fournisseurs\\\/#breadcrumb\"},\"inLanguage\":\"fr-FR\",\"potentialAction\":[{\"@type\":\"ReadAction\",\"target\":[\"https:\\\/\\\/esimarketinggroup.com\\\/fr\\\/fournisseurs\\\/\"]}]},{\"@type\":\"BreadcrumbList\",\"@id\":\"https:\\\/\\\/esimarketinggroup.com\\\/fr\\\/fournisseurs\\\/#breadcrumb\",\"itemListElement\":[{\"@type\":\"ListItem\",\"position\":1,\"name\":\"Home\",\"item\":\"https:\\\/\\\/esimarketinggroup.com\\\/fr\\\/\"},{\"@type\":\"ListItem\",\"position\":2,\"name\":\"Fournisseurs\"}]},{\"@type\":\"WebSite\",\"@id\":\"https:\\\/\\\/esimarketinggroup.com\\\/fr\\\/#website\",\"url\":\"https:\\\/\\\/esimarketinggroup.com\\\/fr\\\/\",\"name\":\"ESI\",\"description\":\"\",\"potentialAction\":[{\"@type\":\"SearchAction\",\"target\":{\"@type\":\"EntryPoint\",\"urlTemplate\":\"https:\\\/\\\/esimarketinggroup.com\\\/fr\\\/?s={search_term_string}\"},\"query-input\":{\"@type\":\"PropertyValueSpecification\",\"valueRequired\":true,\"valueName\":\"search_term_string\"}}],\"inLanguage\":\"fr-FR\"}]}<\/script>\n<!-- \/ Yoast SEO plugin. -->","yoast_head_json":{"title":"Fournisseurs - ESI","robots":{"index":"index","follow":"follow","max-snippet":"max-snippet:-1","max-image-preview":"max-image-preview:large","max-video-preview":"max-video-preview:-1"},"canonical":"https:\/\/esimarketinggroup.com\/fr\/fournisseurs\/","og_locale":"fr_FR","og_type":"article","og_title":"Fournisseurs - ESI","og_url":"https:\/\/esimarketinggroup.com\/fr\/fournisseurs\/","og_site_name":"ESI","article_modified_time":"2025-07-16T15:20:58+00:00","twitter_card":"summary_large_image","schema":{"@context":"https:\/\/schema.org","@graph":[{"@type":"WebPage","@id":"https:\/\/esimarketinggroup.com\/fr\/fournisseurs\/","url":"https:\/\/esimarketinggroup.com\/fr\/fournisseurs\/","name":"Fournisseurs - ESI","isPartOf":{"@id":"https:\/\/esimarketinggroup.com\/fr\/#website"},"datePublished":"2024-06-11T06:41:34+00:00","dateModified":"2025-07-16T15:20:58+00:00","breadcrumb":{"@id":"https:\/\/esimarketinggroup.com\/fr\/fournisseurs\/#breadcrumb"},"inLanguage":"fr-FR","potentialAction":[{"@type":"ReadAction","target":["https:\/\/esimarketinggroup.com\/fr\/fournisseurs\/"]}]},{"@type":"BreadcrumbList","@id":"https:\/\/esimarketinggroup.com\/fr\/fournisseurs\/#breadcrumb","itemListElement":[{"@type":"ListItem","position":1,"name":"Home","item":"https:\/\/esimarketinggroup.com\/fr\/"},{"@type":"ListItem","position":2,"name":"Fournisseurs"}]},{"@type":"WebSite","@id":"https:\/\/esimarketinggroup.com\/fr\/#website","url":"https:\/\/esimarketinggroup.com\/fr\/","name":"ESI","description":"","potentialAction":[{"@type":"SearchAction","target":{"@type":"EntryPoint","urlTemplate":"https:\/\/esimarketinggroup.com\/fr\/?s={search_term_string}"},"query-input":{"@type":"PropertyValueSpecification","valueRequired":true,"valueName":"search_term_string"}}],"inLanguage":"fr-FR"}]}},"_links":{"self":[{"href":"https:\/\/esimarketinggroup.com\/fr\/wp-json\/wp\/v2\/pages\/414","targetHints":{"allow":["GET"]}}],"collection":[{"href":"https:\/\/esimarketinggroup.com\/fr\/wp-json\/wp\/v2\/pages"}],"about":[{"href":"https:\/\/esimarketinggroup.com\/fr\/wp-json\/wp\/v2\/types\/page"}],"author":[{"embeddable":true,"href":"https:\/\/esimarketinggroup.com\/fr\/wp-json\/wp\/v2\/users\/3"}],"replies":[{"embeddable":true,"href":"https:\/\/esimarketinggroup.com\/fr\/wp-json\/wp\/v2\/comments?post=414"}],"version-history":[{"count":0,"href":"https:\/\/esimarketinggroup.com\/fr\/wp-json\/wp\/v2\/pages\/414\/revisions"}],"wp:attachment":[{"href":"https:\/\/esimarketinggroup.com\/fr\/wp-json\/wp\/v2\/media?parent=414"}],"curies":[{"name":"wp","href":"https:\/\/api.w.org\/{rel}","templated":true}]}}