{"id":415,"date":"2024-06-11T02:41:52","date_gmt":"2024-06-11T06:41:52","guid":{"rendered":"https:\/\/esimarketinggroup.com\/?page_id=415"},"modified":"2025-07-16T11:21:24","modified_gmt":"2025-07-16T15:21:24","slug":"concessionnaires","status":"publish","type":"page","link":"https:\/\/esimarketinggroup.com\/fr\/concessionnaires\/","title":{"rendered":"Concessionnaires"},"content":{"rendered":"<section id=\"block-e30a02d7ff7cf019\" class=\"block block-hero-2 lazyload\" data-bg=\"https:\/\/esimarketinggroup.com\/wp-content\/uploads\/2024\/06\/dealers-hero-1-scaled.webp\">\n    <div class=\"container block-hero-2--container theme-light\">\n        <div class=\"block-hero-2--body\">\n            <h1 class=\"block-hero-2--heading\">Concessionnaires<\/h1>\n        <\/div>\n    <\/div>\n\n    <style>\n        #block-e30a02d7ff7cf019 {\n                                }\n    <\/style>\n<\/section>\n\n\n<section id=\"block-0fdd2cb7c66305ab\" class=\"block block-flip-grid-1 block-flip-grid-1--image-right block-flip-grid-1--bg-colour1\">\n    <div class=\"block-flip-grid-1--grid\">\n                    <div class=\"block-flip-grid-1--column block-flip-grid-1--image align-items-center\" data-aos=\"fade-in\" data-aos-delay=\"0\">\n                <noscript><img decoding=\"async\" width=\"2592\" height=\"3102\" src=\"https:\/\/esimarketinggroup.com\/wp-content\/uploads\/2024\/07\/esi-dealer-img.png\" class alt srcset=\"https:\/\/esimarketinggroup.com\/wp-content\/uploads\/2024\/07\/esi-dealer-img.png 2592w, https:\/\/esimarketinggroup.com\/wp-content\/uploads\/2024\/07\/esi-dealer-img-251x300.png 251w, https:\/\/esimarketinggroup.com\/wp-content\/uploads\/2024\/07\/esi-dealer-img-856x1024.png 856w, https:\/\/esimarketinggroup.com\/wp-content\/uploads\/2024\/07\/esi-dealer-img-768x919.png 768w, https:\/\/esimarketinggroup.com\/wp-content\/uploads\/2024\/07\/esi-dealer-img-1283x1536.png 1283w, https:\/\/esimarketinggroup.com\/wp-content\/uploads\/2024\/07\/esi-dealer-img-1711x2048.png 1711w\" sizes=\"(max-width: 2592px) 100vw, 2592px\"><\/noscript><img decoding=\"async\" width=\"2592\" height=\"3102\" src=\"data:image\/svg+xml,%3Csvg%20xmlns%3D%22http%3A%2F%2Fwww.w3.org%2F2000%2Fsvg%22%20viewBox%3D%220%200%202592%203102%22%3E%3C%2Fsvg%3E\" class=\" lazyload\" alt srcset=\"data:image\/svg+xml,%3Csvg%20xmlns%3D%22http%3A%2F%2Fwww.w3.org%2F2000%2Fsvg%22%20viewBox%3D%220%200%202592%203102%22%3E%3C%2Fsvg%3E 2592w\" sizes=\"(max-width: 2592px) 100vw, 2592px\" data-srcset=\"https:\/\/esimarketinggroup.com\/wp-content\/uploads\/2024\/07\/esi-dealer-img.png 2592w, https:\/\/esimarketinggroup.com\/wp-content\/uploads\/2024\/07\/esi-dealer-img-251x300.png 251w, https:\/\/esimarketinggroup.com\/wp-content\/uploads\/2024\/07\/esi-dealer-img-856x1024.png 856w, https:\/\/esimarketinggroup.com\/wp-content\/uploads\/2024\/07\/esi-dealer-img-768x919.png 768w, https:\/\/esimarketinggroup.com\/wp-content\/uploads\/2024\/07\/esi-dealer-img-1283x1536.png 1283w, https:\/\/esimarketinggroup.com\/wp-content\/uploads\/2024\/07\/esi-dealer-img-1711x2048.png 1711w\" data-src=\"https:\/\/esimarketinggroup.com\/wp-content\/uploads\/2024\/07\/esi-dealer-img.png\">            <\/div>\n        \n                    <div class=\"block-flip-grid-1--column block-flip-grid-1--content align-items-center\" data-aos=\"fade-in\" data-aos-delay=\"300\">\n                <div class=\"container\">\n                    <div class=\"block-content--inner\">\n                        <div class=\"block-content\">\n                            <div class=\"entry-content\">\n                                <h2>Pourquoi ESI<\/h2>\n<h3 class=\"h4\">Profitez du pouvoir d\u2019achat d\u2019un groupe avec la libert\u00e9 d\u2019une soci\u00e9t\u00e9 ind\u00e9pendante.<\/h3>\n<p>En travaillant avec ESI, vous avez acc\u00e8s aux meilleurs prix de nos partenaires fournisseurs gr\u00e2ce au Programme d\u2019incitation annuel et aux occasions promotionnelles.<\/p>\n<h3 class=\"h4\">ESI est motiv\u00e9 pour vous aider \u00e0 augmenter vos profits.<\/h3>\n<p>ESI travaille en \u00e9troite collaboration avec ses partenaires fournisseurs pour offrir aux concessionnaires ind\u00e9pendants des programmes ax\u00e9s sur la valeur qui jouent un r\u00f4le majeur dans votre comp\u00e9titivit\u00e9. Vous tirerez parti du volume du Groupe ESI pour devenir plus rentable et mieux concurrencer. Nous restons en contact avec vous et votre entreprise pour identifier les occasions uniques qui stimulent la croissance dans ce march\u00e9 en constante \u00e9volution.<\/p>\n<h3 class=\"h4\">Le statu quo \u2014 avec un chiffre d\u2019affaires am\u00e9lior\u00e9.<\/h3>\n<p>Lorsque vous vous joignez \u00e0 ESI, il n\u2019y a aucun changement dans vos activit\u00e9s quotidiennes. Aucuns frais, cotisation ou investissement requis. Vous conservez votre ind\u00e9pendance et continuez de traiter directement avec vos fournisseurs.<\/p>\n                            <\/div>\n\n                                                            <div class=\"block-button\">\n                                    <a href=\"https:\/\/esimarketinggroup.com\/fr\/contactez-nous\/\" class=\"btn btn--icon-arrow btn--primary\" target=\"\">Rejoignez ESI<\/a>\n                                <\/div>\n                                                    <\/div>\n                    <\/div>\n                <\/div>\n            <\/div>\n            <\/div>\n\n    <style>\n        #block-0fdd2cb7c66305ab {\n                                }\n    <\/style>\n<\/section>\n","protected":false},"excerpt":{"rendered":"","protected":false},"author":3,"featured_media":0,"parent":0,"menu_order":0,"comment_status":"closed","ping_status":"closed","template":"","meta":{"_acf_changed":true,"footnotes":""},"class_list":["post-415","page","type-page","status-publish","hentry"],"acf":[],"yoast_head":"<!-- This site is optimized with the Yoast SEO plugin v27.3 - https:\/\/yoast.com\/product\/yoast-seo-wordpress\/ -->\n<title>Concessionnaires - ESI<\/title>\n<meta name=\"robots\" content=\"index, follow, max-snippet:-1, max-image-preview:large, max-video-preview:-1\" \/>\n<link rel=\"canonical\" href=\"https:\/\/esimarketinggroup.com\/fr\/concessionnaires\/\" \/>\n<meta property=\"og:locale\" content=\"fr_FR\" \/>\n<meta property=\"og:type\" content=\"article\" \/>\n<meta property=\"og:title\" content=\"Concessionnaires - ESI\" \/>\n<meta property=\"og:url\" content=\"https:\/\/esimarketinggroup.com\/fr\/concessionnaires\/\" \/>\n<meta property=\"og:site_name\" content=\"ESI\" \/>\n<meta property=\"article:modified_time\" content=\"2025-07-16T15:21:24+00:00\" \/>\n<meta name=\"twitter:card\" content=\"summary_large_image\" \/>\n<script type=\"application\/ld+json\" class=\"yoast-schema-graph\">{\"@context\":\"https:\\\/\\\/schema.org\",\"@graph\":[{\"@type\":\"WebPage\",\"@id\":\"https:\\\/\\\/esimarketinggroup.com\\\/fr\\\/concessionnaires\\\/\",\"url\":\"https:\\\/\\\/esimarketinggroup.com\\\/fr\\\/concessionnaires\\\/\",\"name\":\"Concessionnaires - ESI\",\"isPartOf\":{\"@id\":\"https:\\\/\\\/esimarketinggroup.com\\\/fr\\\/#website\"},\"datePublished\":\"2024-06-11T06:41:52+00:00\",\"dateModified\":\"2025-07-16T15:21:24+00:00\",\"breadcrumb\":{\"@id\":\"https:\\\/\\\/esimarketinggroup.com\\\/fr\\\/concessionnaires\\\/#breadcrumb\"},\"inLanguage\":\"fr-FR\",\"potentialAction\":[{\"@type\":\"ReadAction\",\"target\":[\"https:\\\/\\\/esimarketinggroup.com\\\/fr\\\/concessionnaires\\\/\"]}]},{\"@type\":\"BreadcrumbList\",\"@id\":\"https:\\\/\\\/esimarketinggroup.com\\\/fr\\\/concessionnaires\\\/#breadcrumb\",\"itemListElement\":[{\"@type\":\"ListItem\",\"position\":1,\"name\":\"Home\",\"item\":\"https:\\\/\\\/esimarketinggroup.com\\\/fr\\\/\"},{\"@type\":\"ListItem\",\"position\":2,\"name\":\"Concessionnaires\"}]},{\"@type\":\"WebSite\",\"@id\":\"https:\\\/\\\/esimarketinggroup.com\\\/fr\\\/#website\",\"url\":\"https:\\\/\\\/esimarketinggroup.com\\\/fr\\\/\",\"name\":\"ESI\",\"description\":\"\",\"potentialAction\":[{\"@type\":\"SearchAction\",\"target\":{\"@type\":\"EntryPoint\",\"urlTemplate\":\"https:\\\/\\\/esimarketinggroup.com\\\/fr\\\/?s={search_term_string}\"},\"query-input\":{\"@type\":\"PropertyValueSpecification\",\"valueRequired\":true,\"valueName\":\"search_term_string\"}}],\"inLanguage\":\"fr-FR\"}]}<\/script>\n<!-- \/ Yoast SEO plugin. -->","yoast_head_json":{"title":"Concessionnaires - ESI","robots":{"index":"index","follow":"follow","max-snippet":"max-snippet:-1","max-image-preview":"max-image-preview:large","max-video-preview":"max-video-preview:-1"},"canonical":"https:\/\/esimarketinggroup.com\/fr\/concessionnaires\/","og_locale":"fr_FR","og_type":"article","og_title":"Concessionnaires - ESI","og_url":"https:\/\/esimarketinggroup.com\/fr\/concessionnaires\/","og_site_name":"ESI","article_modified_time":"2025-07-16T15:21:24+00:00","twitter_card":"summary_large_image","schema":{"@context":"https:\/\/schema.org","@graph":[{"@type":"WebPage","@id":"https:\/\/esimarketinggroup.com\/fr\/concessionnaires\/","url":"https:\/\/esimarketinggroup.com\/fr\/concessionnaires\/","name":"Concessionnaires - ESI","isPartOf":{"@id":"https:\/\/esimarketinggroup.com\/fr\/#website"},"datePublished":"2024-06-11T06:41:52+00:00","dateModified":"2025-07-16T15:21:24+00:00","breadcrumb":{"@id":"https:\/\/esimarketinggroup.com\/fr\/concessionnaires\/#breadcrumb"},"inLanguage":"fr-FR","potentialAction":[{"@type":"ReadAction","target":["https:\/\/esimarketinggroup.com\/fr\/concessionnaires\/"]}]},{"@type":"BreadcrumbList","@id":"https:\/\/esimarketinggroup.com\/fr\/concessionnaires\/#breadcrumb","itemListElement":[{"@type":"ListItem","position":1,"name":"Home","item":"https:\/\/esimarketinggroup.com\/fr\/"},{"@type":"ListItem","position":2,"name":"Concessionnaires"}]},{"@type":"WebSite","@id":"https:\/\/esimarketinggroup.com\/fr\/#website","url":"https:\/\/esimarketinggroup.com\/fr\/","name":"ESI","description":"","potentialAction":[{"@type":"SearchAction","target":{"@type":"EntryPoint","urlTemplate":"https:\/\/esimarketinggroup.com\/fr\/?s={search_term_string}"},"query-input":{"@type":"PropertyValueSpecification","valueRequired":true,"valueName":"search_term_string"}}],"inLanguage":"fr-FR"}]}},"_links":{"self":[{"href":"https:\/\/esimarketinggroup.com\/fr\/wp-json\/wp\/v2\/pages\/415","targetHints":{"allow":["GET"]}}],"collection":[{"href":"https:\/\/esimarketinggroup.com\/fr\/wp-json\/wp\/v2\/pages"}],"about":[{"href":"https:\/\/esimarketinggroup.com\/fr\/wp-json\/wp\/v2\/types\/page"}],"author":[{"embeddable":true,"href":"https:\/\/esimarketinggroup.com\/fr\/wp-json\/wp\/v2\/users\/3"}],"replies":[{"embeddable":true,"href":"https:\/\/esimarketinggroup.com\/fr\/wp-json\/wp\/v2\/comments?post=415"}],"version-history":[{"count":0,"href":"https:\/\/esimarketinggroup.com\/fr\/wp-json\/wp\/v2\/pages\/415\/revisions"}],"wp:attachment":[{"href":"https:\/\/esimarketinggroup.com\/fr\/wp-json\/wp\/v2\/media?parent=415"}],"curies":[{"name":"wp","href":"https:\/\/api.w.org\/{rel}","templated":true}]}}